{"id":79,"date":"2025-01-09T07:43:30","date_gmt":"2025-01-09T07:43:30","guid":{"rendered":"https:\/\/newsmagazinexpro.kinsta.cloud\/demo\/?page_id=79"},"modified":"2025-07-02T10:53:08","modified_gmt":"2025-07-02T13:53:08","slug":"autoneggocio-manutencao-preventiva-para-carros","status":"publish","type":"page","link":"https:\/\/autoneggocio.com.br\/en\/","title":{"rendered":"In\u00edcio"},"content":{"rendered":"<p>Autoneggocio \u00e9 o seu portal completo sobre <strong>manuten\u00e7\u00e3o preventiva de autom\u00f3veis<\/strong>, criado e administrado por <strong>Em\u00edlio\u202fDe\u202fVicente<\/strong>, especialista em conte\u00fado automotivo. <\/p>\n\n\n\n<p>Aqui voc\u00ea encontra artigos profundos e 100\u202f% originais sobre <strong>fluidos e lubrificantes, suspens\u00e3o, el\u00e9trica, motoriza\u00e7\u00e3o e carros h\u00edbridos\/el\u00e9tricos<\/strong>, todos alinhados \u00e0s diretrizes do Google e \u00e0 <a href=\"https:\/\/pt.wikipedia.org\/wiki\/Lei_Geral_de_Prote%C3%A7%C3%A3o_de_Dados_Pessoais\" target=\"_blank\" rel=\"noreferrer noopener\">LGPD<\/a>.<\/p>\n\n\n\n<p>Nosso objetivo \u00e9 ajudar motoristas, mec\u00e2nicos e entusiastas a <strong>prolongar a vida \u00fatil do ve\u00edculo, reduzir custos e dirigir com seguran\u00e7a<\/strong>.<\/p>\n\n\n\n<p>Cada postagem traz <strong>checklists, passo a passo ilustrados, comparativos de produtos<\/strong>, reviews de marcas confi\u00e1veis e palavras\u2011chave estrategicamente distribu\u00eddas para conquistar as melhores posi\u00e7\u00f5es nos mecanismos de busca. <\/p>\n\n\n\n<p>Dessa forma, voc\u00ea encontra rapidamente respostas para d\u00favidas como \u201cquando trocar o \u00f3leo do diferencial\u201d ou \u201cbarulhos na suspens\u00e3o: o que significam?\u201d.<\/p>\n\n\n\n<p>Com linguagem clara, transi\u00e7\u00f5es naturais e CTAs eficazes, o <a href=\"https:\/\/autoneggocio.com.br\/en\/\" target=\"_blank\" rel=\"noreferrer noopener\">Autoneggocio<\/a> consolida\u2011se como refer\u00eancia em <strong>dicas pr\u00e1ticas, tend\u00eancias tecnol\u00f3gicas, novidades do setor e guias de manuten\u00e7\u00e3o<\/strong>. <\/p>\n\n\n\n<p><\/p>","protected":false},"excerpt":{"rendered":"<p>Autoneggocio \u00e9 o seu portal completo sobre manuten\u00e7\u00e3o preventiva de autom\u00f3veis, criado e administrado por Em\u00edlio\u202fDe\u202fVicente, especialista em conte\u00fado automotivo. Aqui voc\u00ea encontra artigos profundos e 100\u202f% originais sobre fluidos e lubrificantes, suspens\u00e3o, el\u00e9trica, motoriza\u00e7\u00e3o e carros h\u00edbridos\/el\u00e9tricos, todos alinhados \u00e0s diretrizes do Google e \u00e0 LGPD. Nosso objetivo \u00e9 ajudar motoristas, mec\u00e2nicos e entusiastas<\/p>","protected":false},"author":1,"featured_media":0,"parent":0,"menu_order":0,"comment_status":"closed","ping_status":"closed","template":"","meta":{"googlesitekit_rrm_CAowp_uhDA:productID":"","jetpack_post_was_ever_published":false,"footnotes":""},"class_list":["post-79","page","type-page","status-publish","hentry"],"yoast_head":"<!-- This site is optimized with the Yoast SEO plugin v27.4 - https:\/\/yoast.com\/product\/yoast-seo-wordpress\/ -->\n<title>Autoneggocio - Manuten\u00e7\u00e3o Preventiva para carros<\/title>\n<meta name=\"description\" content=\"O Autoneggocio \u00e9 um site especializado em conte\u00fado automotivo, com foco total em manuten\u00e7\u00e3o preventiva de ve\u00edculos. Criado para motoristas\" \/>\n<meta name=\"robots\" content=\"index, follow, max-snippet:-1, max-image-preview:large, max-video-preview:-1\" \/>\n<link rel=\"canonical\" href=\"https:\/\/autoneggocio.com.br\/en\/\" \/>\n<meta property=\"og:locale\" content=\"en_US\" \/>\n<meta property=\"og:type\" content=\"article\" \/>\n<meta property=\"og:title\" content=\"Autoneggocio - Manuten\u00e7\u00e3o Preventiva para carros\" \/>\n<meta property=\"og:description\" content=\"O Autoneggocio \u00e9 um site especializado em conte\u00fado automotivo, com foco total em manuten\u00e7\u00e3o preventiva de ve\u00edculos. Criado para motoristas\" \/>\n<meta property=\"og:url\" content=\"https:\/\/autoneggocio.com.br\/en\/\" \/>\n<meta property=\"article:publisher\" content=\"https:\/\/www.facebook.com\/autoneggocio\" \/>\n<meta property=\"article:modified_time\" content=\"2025-07-02T13:53:08+00:00\" \/>\n<meta name=\"twitter:card\" content=\"summary_large_image\" \/>\n<meta name=\"twitter:site\" content=\"@autoneggocio\" \/>\n<meta name=\"twitter:label1\" content=\"Est. reading time\" \/>\n\t<meta name=\"twitter:data1\" content=\"1 minute\" \/>\n<script type=\"application\/ld+json\" class=\"yoast-schema-graph\">{\"@context\":\"https:\\\/\\\/schema.org\",\"@graph\":[{\"@type\":\"WebPage\",\"@id\":\"https:\\\/\\\/autoneggocio.com.br\\\/\",\"url\":\"https:\\\/\\\/autoneggocio.com.br\\\/\",\"name\":\"Autoneggocio - Manuten\u00e7\u00e3o Preventiva para carros\",\"isPartOf\":{\"@id\":\"https:\\\/\\\/autoneggocio.com.br\\\/#website\"},\"datePublished\":\"2025-01-09T07:43:30+00:00\",\"dateModified\":\"2025-07-02T13:53:08+00:00\",\"description\":\"O Autoneggocio \u00e9 um site especializado em conte\u00fado automotivo, com foco total em manuten\u00e7\u00e3o preventiva de ve\u00edculos. Criado para motoristas\",\"breadcrumb\":{\"@id\":\"https:\\\/\\\/autoneggocio.com.br\\\/#breadcrumb\"},\"inLanguage\":\"en-US\",\"potentialAction\":[{\"@type\":\"ReadAction\",\"target\":[\"https:\\\/\\\/autoneggocio.com.br\\\/\"]}]},{\"@type\":\"BreadcrumbList\",\"@id\":\"https:\\\/\\\/autoneggocio.com.br\\\/#breadcrumb\",\"itemListElement\":[{\"@type\":\"ListItem\",\"position\":1,\"name\":\"In\u00edcio\",\"item\":\"https:\\\/\\\/autoneggocio.com.br\\\/\"},{\"@type\":\"ListItem\",\"position\":2,\"name\":\"In\u00edcio\"}]},{\"@type\":\"WebSite\",\"@id\":\"https:\\\/\\\/autoneggocio.com.br\\\/#website\",\"url\":\"https:\\\/\\\/autoneggocio.com.br\\\/\",\"name\":\"Autoneggocio\",\"description\":\"\",\"publisher\":{\"@id\":\"https:\\\/\\\/autoneggocio.com.br\\\/#organization\"},\"potentialAction\":[{\"@type\":\"SearchAction\",\"target\":{\"@type\":\"EntryPoint\",\"urlTemplate\":\"https:\\\/\\\/autoneggocio.com.br\\\/?s={search_term_string}\"},\"query-input\":{\"@type\":\"PropertyValueSpecification\",\"valueRequired\":true,\"valueName\":\"search_term_string\"}}],\"inLanguage\":\"en-US\"},{\"@type\":\"Organization\",\"@id\":\"https:\\\/\\\/autoneggocio.com.br\\\/#organization\",\"name\":\"Autoneggocio\",\"url\":\"https:\\\/\\\/autoneggocio.com.br\\\/\",\"logo\":{\"@type\":\"ImageObject\",\"inLanguage\":\"en-US\",\"@id\":\"https:\\\/\\\/autoneggocio.com.br\\\/#\\\/schema\\\/logo\\\/image\\\/\",\"url\":\"https:\\\/\\\/autoneggocio.com.br\\\/wp-content\\\/uploads\\\/2025\\\/06\\\/cropped-AUTONEGGOCIO-13-03-3.png\",\"contentUrl\":\"https:\\\/\\\/autoneggocio.com.br\\\/wp-content\\\/uploads\\\/2025\\\/06\\\/cropped-AUTONEGGOCIO-13-03-3.png\",\"width\":500,\"height\":498,\"caption\":\"Autoneggocio\"},\"image\":{\"@id\":\"https:\\\/\\\/autoneggocio.com.br\\\/#\\\/schema\\\/logo\\\/image\\\/\"},\"sameAs\":[\"https:\\\/\\\/www.facebook.com\\\/autoneggocio\",\"https:\\\/\\\/x.com\\\/autoneggocio\",\"https:\\\/\\\/www.instagram.com\\\/autoneggocio\\\/\"]}]}<\/script>\n<!-- \/ Yoast SEO plugin. -->","yoast_head_json":{"title":"Autoneggocio - Manuten\u00e7\u00e3o Preventiva para carros","description":"O Autoneggocio \u00e9 um site especializado em conte\u00fado automotivo, com foco total em manuten\u00e7\u00e3o preventiva de ve\u00edculos. Criado para motoristas","robots":{"index":"index","follow":"follow","max-snippet":"max-snippet:-1","max-image-preview":"max-image-preview:large","max-video-preview":"max-video-preview:-1"},"canonical":"https:\/\/autoneggocio.com.br\/en\/","og_locale":"en_US","og_type":"article","og_title":"Autoneggocio - Manuten\u00e7\u00e3o Preventiva para carros","og_description":"O Autoneggocio \u00e9 um site especializado em conte\u00fado automotivo, com foco total em manuten\u00e7\u00e3o preventiva de ve\u00edculos. Criado para motoristas","og_url":"https:\/\/autoneggocio.com.br\/en\/","article_publisher":"https:\/\/www.facebook.com\/autoneggocio","article_modified_time":"2025-07-02T13:53:08+00:00","twitter_card":"summary_large_image","twitter_site":"@autoneggocio","twitter_misc":{"Est. reading time":"1 minute"},"schema":{"@context":"https:\/\/schema.org","@graph":[{"@type":"WebPage","@id":"https:\/\/autoneggocio.com.br\/","url":"https:\/\/autoneggocio.com.br\/","name":"Autoneggocio - Manuten\u00e7\u00e3o Preventiva para carros","isPartOf":{"@id":"https:\/\/autoneggocio.com.br\/#website"},"datePublished":"2025-01-09T07:43:30+00:00","dateModified":"2025-07-02T13:53:08+00:00","description":"O Autoneggocio \u00e9 um site especializado em conte\u00fado automotivo, com foco total em manuten\u00e7\u00e3o preventiva de ve\u00edculos. Criado para motoristas","breadcrumb":{"@id":"https:\/\/autoneggocio.com.br\/#breadcrumb"},"inLanguage":"en-US","potentialAction":[{"@type":"ReadAction","target":["https:\/\/autoneggocio.com.br\/"]}]},{"@type":"BreadcrumbList","@id":"https:\/\/autoneggocio.com.br\/#breadcrumb","itemListElement":[{"@type":"ListItem","position":1,"name":"In\u00edcio","item":"https:\/\/autoneggocio.com.br\/"},{"@type":"ListItem","position":2,"name":"In\u00edcio"}]},{"@type":"WebSite","@id":"https:\/\/autoneggocio.com.br\/#website","url":"https:\/\/autoneggocio.com.br\/","name":"Autoneggocio","description":"","publisher":{"@id":"https:\/\/autoneggocio.com.br\/#organization"},"potentialAction":[{"@type":"SearchAction","target":{"@type":"EntryPoint","urlTemplate":"https:\/\/autoneggocio.com.br\/?s={search_term_string}"},"query-input":{"@type":"PropertyValueSpecification","valueRequired":true,"valueName":"search_term_string"}}],"inLanguage":"en-US"},{"@type":"Organization","@id":"https:\/\/autoneggocio.com.br\/#organization","name":"Autoneggocio","url":"https:\/\/autoneggocio.com.br\/","logo":{"@type":"ImageObject","inLanguage":"en-US","@id":"https:\/\/autoneggocio.com.br\/#\/schema\/logo\/image\/","url":"https:\/\/autoneggocio.com.br\/wp-content\/uploads\/2025\/06\/cropped-AUTONEGGOCIO-13-03-3.png","contentUrl":"https:\/\/autoneggocio.com.br\/wp-content\/uploads\/2025\/06\/cropped-AUTONEGGOCIO-13-03-3.png","width":500,"height":498,"caption":"Autoneggocio"},"image":{"@id":"https:\/\/autoneggocio.com.br\/#\/schema\/logo\/image\/"},"sameAs":["https:\/\/www.facebook.com\/autoneggocio","https:\/\/x.com\/autoneggocio","https:\/\/www.instagram.com\/autoneggocio\/"]}]}},"jetpack_sharing_enabled":true,"jetpack_likes_enabled":true,"jetpack-related-posts":[{"id":543,"url":"https:\/\/autoneggocio.com.br\/en\/quem-sou\/","url_meta":{"origin":79,"position":0},"title":"Quem sou","author":"Emilio Vicente","date":"21 de June de 2025","format":false,"excerpt":"Sobre o Autor Emilio De Vicente \u00e9 um administrador e criador de conte\u00fado brasileiro apaixonado por autom\u00f3veis. Sua trajet\u00f3ria profissional combina gest\u00e3o estrat\u00e9gica com produ\u00e7\u00e3o de v\u00eddeos voltados ao universo automotivo, destacando-se por sua abordagem t\u00e9cnica e envolvente. Com um olhar atento \u00e0s inova\u00e7\u00f5es e tend\u00eancias do setor, Emilio desenvolve\u2026","rel":"","context":"Similar post","block_context":{"text":"Similar post","link":""},"img":{"alt_text":"EMILIO DE VICENTE","src":"https:\/\/i0.wp.com\/testenoticia.devicentemkt.com.br\/wp-content\/uploads\/2025\/05\/emilio-1024x970.jpg?resize=350%2C200&ssl=1","width":350,"height":200,"srcset":"https:\/\/i0.wp.com\/testenoticia.devicentemkt.com.br\/wp-content\/uploads\/2025\/05\/emilio-1024x970.jpg?resize=350%2C200&ssl=1 1x, https:\/\/i0.wp.com\/testenoticia.devicentemkt.com.br\/wp-content\/uploads\/2025\/05\/emilio-1024x970.jpg?resize=525%2C300&ssl=1 1.5x, https:\/\/i0.wp.com\/testenoticia.devicentemkt.com.br\/wp-content\/uploads\/2025\/05\/emilio-1024x970.jpg?resize=700%2C400&ssl=1 2x"},"classes":[]},{"id":1570,"url":"https:\/\/autoneggocio.com.br\/en\/?p=1570","url_meta":{"origin":79,"position":1},"title":"GAC Aion Y Elite: 5 raz\u00f5es para comprar e 5 motivos para pensar bem","author":"Emilio Vicente","date":"6 de December de 2025","format":false,"excerpt":"Em um mercado dominado por SUVs, um monovolume el\u00e9trico surge como op\u00e7\u00e3o extremamente racional para quem precisa de um ve\u00edculo com muito espa\u00e7o interno. Estamos falando do GAC Aion Y, uma minivan vendida no Brasil desde maio. S\u00e3o duas vers\u00f5es: Premium (R$ 175.990) e Elite (R$ 187.990). A segunda e\u2026","rel":"","context":"Similar post","block_context":{"text":"Similar post","link":""},"img":{"alt_text":"","src":"","width":0,"height":0},"classes":[]}],"amp_enabled":false,"_links":{"self":[{"href":"https:\/\/autoneggocio.com.br\/en\/wp-json\/wp\/v2\/pages\/79","targetHints":{"allow":["GET"]}}],"collection":[{"href":"https:\/\/autoneggocio.com.br\/en\/wp-json\/wp\/v2\/pages"}],"about":[{"href":"https:\/\/autoneggocio.com.br\/en\/wp-json\/wp\/v2\/types\/page"}],"author":[{"embeddable":true,"href":"https:\/\/autoneggocio.com.br\/en\/wp-json\/wp\/v2\/users\/1"}],"replies":[{"embeddable":true,"href":"https:\/\/autoneggocio.com.br\/en\/wp-json\/wp\/v2\/comments?post=79"}],"version-history":[{"count":5,"href":"https:\/\/autoneggocio.com.br\/en\/wp-json\/wp\/v2\/pages\/79\/revisions"}],"predecessor-version":[{"id":820,"href":"https:\/\/autoneggocio.com.br\/en\/wp-json\/wp\/v2\/pages\/79\/revisions\/820"}],"wp:attachment":[{"href":"https:\/\/autoneggocio.com.br\/en\/wp-json\/wp\/v2\/media?parent=79"}],"curies":[{"name":"wp","href":"https:\/\/api.w.org\/{rel}","templated":true}]}}